{"id":2251,"date":"2024-07-30T09:12:59","date_gmt":"2024-07-30T07:12:59","guid":{"rendered":"https:\/\/windtectancaments.com\/politica-de-cookies\/"},"modified":"2024-07-30T09:22:21","modified_gmt":"2024-07-30T07:22:21","slug":"politica-de-cookies","status":"publish","type":"page","link":"https:\/\/windtectancaments.com\/es\/politica-de-cookies\/","title":{"rendered":"Pol\u00edtica de cookies"},"content":{"rendered":"\t\t<div data-elementor-type=\"wp-page\" data-elementor-id=\"2251\" class=\"elementor elementor-2251 elementor-2246\" data-elementor-post-type=\"page\">\n\t\t\t\t<div class=\"elementor-element elementor-element-9feaf17 e-con-full e-flex e-con e-child\" data-id=\"9feaf17\" data-element_type=\"container\" data-e-type=\"container\" data-settings=\"{&quot;background_background&quot;:&quot;classic&quot;}\">\n\t\t\t\t<\/div>\n\t\t<div class=\"elementor-element elementor-element-f16aa19 e-flex e-con-boxed e-con e-parent\" data-id=\"f16aa19\" data-element_type=\"container\" data-e-type=\"container\" data-settings=\"{&quot;background_background&quot;:&quot;classic&quot;}\">\n\t\t\t\t\t<div class=\"e-con-inner\">\n\t\t\t\t<div class=\"elementor-element elementor-element-4b8e749 elementor-widget elementor-widget-text-editor\" data-id=\"4b8e749\" data-element_type=\"widget\" data-e-type=\"widget\" data-widget_type=\"text-editor.default\">\n\t\t\t\t<div class=\"elementor-widget-container\">\n\t\t\t\t\t\t\t\t\t<p><style>\n    a.cky-banner-element {<br\/>        padding: 8px 30px;<br\/>        background: #F8F9FA;<br\/>        color: #858A8F;<br\/>        border: 1px solid #DEE2E6;<br\/>        box-sizing: border-box;<br\/>        border-radius: 2px;<br\/>        cursor: pointer;<br\/>}<br\/><\/style><\/p><h1 class=\"cookie-policy-h1\">Pol\u00edtica de cookies<\/h1><p> <\/p><h3>\u00bfQu\u00e9 son las cookies?<\/h3><p>Esta Pol\u00edtica de Cookies explica qu\u00e9 son las cookies y c\u00f3mo las utilizamos, los tipos de cookies que utilizamos, la informaci\u00f3n que recopilamos mediante cookies y c\u00f3mo utilizamos esta informaci\u00f3n, y c\u00f3mo gestionar la configuraci\u00f3n de cookies.<\/p><p>Las cookies son peque\u00f1os archivos de texto que se utilizan para almacenar peque\u00f1as piezas de informaci\u00f3n. Se guardan en tu dispositivo cuando el sitio web se carga en su navegador. Estas cookies nos ayudan a que el sitio web funcione correctamente, sea m\u00e1s seguro, ofrezca una mejor experiencia de usuario y entendamos c\u00f3mo el sitio web funciona para analizar qu\u00e9 funciona y qu\u00e9 necesita mejorar.<\/p><h3>\u00bfC\u00f3mo utilizamos las cookies?<\/h3><p>Como la mayor\u00eda de los servicios online, nuestro sitio web utiliza cookies de primera y de terceras partes para diversos prop\u00f3sitos. Las cookies de primera parte son principalmente necesarias para que el sitio web funcione correctamente y no recopilan ning\u00fan dato personal identificable.<\/p><p>Las cookies de terceros utilizadas en nuestro sitio web son principalmente para entender c\u00f3mo funciona el sitio web, c\u00f3mo interact\u00faas con nuestro sitio web, mantener nuestros servicios seguros, proporcionar anuncios relevantes para ti, y por lo general ofrecerte una mejor y mejorada experiencia de usuario y ayudarle a acelerar tus futuras interacciones con nuestro sitio web.<\/p><p> <\/p><h5>Tipo de cookies que utilizamos<\/h5><div class=\"cky-audit-table-element\"> <\/div><p> <\/p><h3>Gestiona tus preferencias de cookies<\/h3><p><strong>Configuraci\u00f3n de Cookies<\/strong><\/p><p>Puedes cambiar tus preferencias de cookies en cualquier momento haciendo clic en el bot\u00f3n superior. Esto te permitir\u00e1 volver a ver el banner de consentimiento de cookies y cambiar tus preferencias o retirar tu consentimiento de inmediato.<\/p><p>Adem\u00e1s, los distintos navegadores proporcionan m\u00e9todos para bloquear y eliminar las cookies utilizadas por los sitios web. Puedes cambiar la configuraci\u00f3n de su navegador para bloquear o eliminar las cookies. A continuaci\u00f3n, se muestran los enlaces a los documentos de soporte sobre c\u00f3mo gestionar y eliminar cookies de los principales navegadores web:<\/p><ul><li><strong>Chrome<\/strong> : <a href=\"https:\/\/support.google.com\/accounts\/answer\/32050\" target=\"_new\" rel=\"noreferrer\">Soporte de Chrome<\/a><\/li><li><strong>Safari<\/strong> : <a href=\"https:\/\/support.apple.com\/en-in\/guide\/safari\/sfri11471\/mac\" target=\"_new\" rel=\"noreferrer\">Soporte de Safari<\/a><\/li><li><strong>Firefox<\/strong> : <a href=\"https:\/\/support.mozilla.org\/en-US\/kb\/clear-cookies-and-site-data-firefox?redirectslug=delete-cookies-remove-info-websites-stored&amp;redirectlocale=en-US\" target=\"_new\" rel=\"noreferrer\">Soporte de Firefox<\/a><\/li><li><strong>Internet Explorer<\/strong> : <a href=\"https:\/\/support.microsoft.com\/en-us\/topic\/how-to-delete-cookie-files-in-internet-explorer-bca9446f-d873-78de-77ba-d42645fa52fc\" target=\"_new\" rel=\"noreferrer\">Soporte de Internet Explorer<\/a><\/li><\/ul><p>Si utilizas cualquier otro navegador web, visita los documentos de soporte oficiales del navegador.<\/p><p>Pol\u00edtica de Cookies Generada por CookieYes &#8211; Generador de Pol\u00edticas de Cookies.<\/p>\t\t\t\t\t\t\t\t<\/div>\n\t\t\t\t<\/div>\n\t\t\t\t\t<\/div>\n\t\t\t\t<\/div>\n\t\t\t\t<\/div>\n\t\t","protected":false},"excerpt":{"rendered":"<p>Pol\u00edtica de cookies \u00bfQu\u00e9 son las cookies? Esta Pol\u00edtica de Cookies explica qu\u00e9 son las cookies y c\u00f3mo las utilizamos, los tipos de cookies que utilizamos, la informaci\u00f3n que recopilamos mediante cookies y c\u00f3mo utilizamos esta informaci\u00f3n, y c\u00f3mo gestionar la configuraci\u00f3n de cookies. Las cookies son peque\u00f1os archivos de texto que se utilizan para [&hellip;]<\/p>\n","protected":false},"author":1,"featured_media":0,"parent":0,"menu_order":0,"comment_status":"closed","ping_status":"closed","template":"elementor_header_footer","meta":{"_eb_attr":"","footnotes":""},"class_list":["post-2251","page","type-page","status-publish","hentry"],"yoast_head":"<!-- This site is optimized with the Yoast SEO plugin v27.5 - https:\/\/yoast.com\/product\/yoast-seo-wordpress\/ -->\n<title>Pol\u00edtica de cookies - Windtec Tancaments<\/title>\n<meta name=\"robots\" content=\"index, follow, max-snippet:-1, max-image-preview:large, max-video-preview:-1\" \/>\n<link rel=\"canonical\" href=\"https:\/\/windtectancaments.com\/es\/politica-de-cookies\/\" \/>\n<meta property=\"og:locale\" content=\"es_ES\" \/>\n<meta property=\"og:type\" content=\"article\" \/>\n<meta property=\"og:title\" content=\"Pol\u00edtica de cookies - Windtec Tancaments\" \/>\n<meta property=\"og:description\" content=\"Pol\u00edtica de cookies \u00bfQu\u00e9 son las cookies? Esta Pol\u00edtica de Cookies explica qu\u00e9 son las cookies y c\u00f3mo las utilizamos, los tipos de cookies que utilizamos, la informaci\u00f3n que recopilamos mediante cookies y c\u00f3mo utilizamos esta informaci\u00f3n, y c\u00f3mo gestionar la configuraci\u00f3n de cookies. Las cookies son peque\u00f1os archivos de texto que se utilizan para [&hellip;]\" \/>\n<meta property=\"og:url\" content=\"https:\/\/windtectancaments.com\/es\/politica-de-cookies\/\" \/>\n<meta property=\"og:site_name\" content=\"Windtec Tancaments\" \/>\n<meta property=\"article:publisher\" content=\"https:\/\/www.facebook.com\/tancamentswindtec\/\" \/>\n<meta property=\"article:modified_time\" content=\"2024-07-30T07:22:21+00:00\" \/>\n<meta name=\"twitter:card\" content=\"summary_large_image\" \/>\n<meta name=\"twitter:label1\" content=\"Tiempo de lectura\" \/>\n\t<meta name=\"twitter:data1\" content=\"2 minutos\" \/>\n<script type=\"application\/ld+json\" class=\"yoast-schema-graph\">{\"@context\":\"https:\\\/\\\/schema.org\",\"@graph\":[{\"@type\":\"WebPage\",\"@id\":\"https:\\\/\\\/windtectancaments.com\\\/es\\\/politica-de-cookies\\\/\",\"url\":\"https:\\\/\\\/windtectancaments.com\\\/es\\\/politica-de-cookies\\\/\",\"name\":\"Pol\u00edtica de cookies - Windtec Tancaments\",\"isPartOf\":{\"@id\":\"https:\\\/\\\/windtectancaments.com\\\/es\\\/#website\"},\"datePublished\":\"2024-07-30T07:12:59+00:00\",\"dateModified\":\"2024-07-30T07:22:21+00:00\",\"breadcrumb\":{\"@id\":\"https:\\\/\\\/windtectancaments.com\\\/es\\\/politica-de-cookies\\\/#breadcrumb\"},\"inLanguage\":\"es\",\"potentialAction\":[{\"@type\":\"ReadAction\",\"target\":[\"https:\\\/\\\/windtectancaments.com\\\/es\\\/politica-de-cookies\\\/\"]}]},{\"@type\":\"BreadcrumbList\",\"@id\":\"https:\\\/\\\/windtectancaments.com\\\/es\\\/politica-de-cookies\\\/#breadcrumb\",\"itemListElement\":[{\"@type\":\"ListItem\",\"position\":1,\"name\":\"Portada\",\"item\":\"https:\\\/\\\/windtectancaments.com\\\/es\\\/\"},{\"@type\":\"ListItem\",\"position\":2,\"name\":\"Pol\u00edtica de cookies\"}]},{\"@type\":\"WebSite\",\"@id\":\"https:\\\/\\\/windtectancaments.com\\\/es\\\/#website\",\"url\":\"https:\\\/\\\/windtectancaments.com\\\/es\\\/\",\"name\":\"Windtec Tancaments\",\"description\":\"\",\"publisher\":{\"@id\":\"https:\\\/\\\/windtectancaments.com\\\/es\\\/#organization\"},\"potentialAction\":[{\"@type\":\"SearchAction\",\"target\":{\"@type\":\"EntryPoint\",\"urlTemplate\":\"https:\\\/\\\/windtectancaments.com\\\/es\\\/?s={search_term_string}\"},\"query-input\":{\"@type\":\"PropertyValueSpecification\",\"valueRequired\":true,\"valueName\":\"search_term_string\"}}],\"inLanguage\":\"es\"},{\"@type\":\"Organization\",\"@id\":\"https:\\\/\\\/windtectancaments.com\\\/es\\\/#organization\",\"name\":\"Windtec Tancaments, SLU.\",\"url\":\"https:\\\/\\\/windtectancaments.com\\\/es\\\/\",\"logo\":{\"@type\":\"ImageObject\",\"inLanguage\":\"es\",\"@id\":\"https:\\\/\\\/windtectancaments.com\\\/es\\\/#\\\/schema\\\/logo\\\/image\\\/\",\"url\":\"https:\\\/\\\/windtectancaments.com\\\/wp-content\\\/uploads\\\/2024\\\/06\\\/logowindtec-slu-1982067.png\",\"contentUrl\":\"https:\\\/\\\/windtectancaments.com\\\/wp-content\\\/uploads\\\/2024\\\/06\\\/logowindtec-slu-1982067.png\",\"width\":640,\"height\":391,\"caption\":\"Windtec Tancaments, SLU.\"},\"image\":{\"@id\":\"https:\\\/\\\/windtectancaments.com\\\/es\\\/#\\\/schema\\\/logo\\\/image\\\/\"},\"sameAs\":[\"https:\\\/\\\/www.facebook.com\\\/tancamentswindtec\\\/\",\"https:\\\/\\\/www.instagram.com\\\/windtectancaments\\\/\"]}]}<\/script>\n<!-- \/ Yoast SEO plugin. -->","yoast_head_json":{"title":"Pol\u00edtica de cookies - Windtec Tancaments","robots":{"index":"index","follow":"follow","max-snippet":"max-snippet:-1","max-image-preview":"max-image-preview:large","max-video-preview":"max-video-preview:-1"},"canonical":"https:\/\/windtectancaments.com\/es\/politica-de-cookies\/","og_locale":"es_ES","og_type":"article","og_title":"Pol\u00edtica de cookies - Windtec Tancaments","og_description":"Pol\u00edtica de cookies \u00bfQu\u00e9 son las cookies? Esta Pol\u00edtica de Cookies explica qu\u00e9 son las cookies y c\u00f3mo las utilizamos, los tipos de cookies que utilizamos, la informaci\u00f3n que recopilamos mediante cookies y c\u00f3mo utilizamos esta informaci\u00f3n, y c\u00f3mo gestionar la configuraci\u00f3n de cookies. Las cookies son peque\u00f1os archivos de texto que se utilizan para [&hellip;]","og_url":"https:\/\/windtectancaments.com\/es\/politica-de-cookies\/","og_site_name":"Windtec Tancaments","article_publisher":"https:\/\/www.facebook.com\/tancamentswindtec\/","article_modified_time":"2024-07-30T07:22:21+00:00","twitter_card":"summary_large_image","twitter_misc":{"Tiempo de lectura":"2 minutos"},"schema":{"@context":"https:\/\/schema.org","@graph":[{"@type":"WebPage","@id":"https:\/\/windtectancaments.com\/es\/politica-de-cookies\/","url":"https:\/\/windtectancaments.com\/es\/politica-de-cookies\/","name":"Pol\u00edtica de cookies - Windtec Tancaments","isPartOf":{"@id":"https:\/\/windtectancaments.com\/es\/#website"},"datePublished":"2024-07-30T07:12:59+00:00","dateModified":"2024-07-30T07:22:21+00:00","breadcrumb":{"@id":"https:\/\/windtectancaments.com\/es\/politica-de-cookies\/#breadcrumb"},"inLanguage":"es","potentialAction":[{"@type":"ReadAction","target":["https:\/\/windtectancaments.com\/es\/politica-de-cookies\/"]}]},{"@type":"BreadcrumbList","@id":"https:\/\/windtectancaments.com\/es\/politica-de-cookies\/#breadcrumb","itemListElement":[{"@type":"ListItem","position":1,"name":"Portada","item":"https:\/\/windtectancaments.com\/es\/"},{"@type":"ListItem","position":2,"name":"Pol\u00edtica de cookies"}]},{"@type":"WebSite","@id":"https:\/\/windtectancaments.com\/es\/#website","url":"https:\/\/windtectancaments.com\/es\/","name":"Windtec Tancaments","description":"","publisher":{"@id":"https:\/\/windtectancaments.com\/es\/#organization"},"potentialAction":[{"@type":"SearchAction","target":{"@type":"EntryPoint","urlTemplate":"https:\/\/windtectancaments.com\/es\/?s={search_term_string}"},"query-input":{"@type":"PropertyValueSpecification","valueRequired":true,"valueName":"search_term_string"}}],"inLanguage":"es"},{"@type":"Organization","@id":"https:\/\/windtectancaments.com\/es\/#organization","name":"Windtec Tancaments, SLU.","url":"https:\/\/windtectancaments.com\/es\/","logo":{"@type":"ImageObject","inLanguage":"es","@id":"https:\/\/windtectancaments.com\/es\/#\/schema\/logo\/image\/","url":"https:\/\/windtectancaments.com\/wp-content\/uploads\/2024\/06\/logowindtec-slu-1982067.png","contentUrl":"https:\/\/windtectancaments.com\/wp-content\/uploads\/2024\/06\/logowindtec-slu-1982067.png","width":640,"height":391,"caption":"Windtec Tancaments, SLU."},"image":{"@id":"https:\/\/windtectancaments.com\/es\/#\/schema\/logo\/image\/"},"sameAs":["https:\/\/www.facebook.com\/tancamentswindtec\/","https:\/\/www.instagram.com\/windtectancaments\/"]}]}},"_links":{"self":[{"href":"https:\/\/windtectancaments.com\/es\/wp-json\/wp\/v2\/pages\/2251","targetHints":{"allow":["GET"]}}],"collection":[{"href":"https:\/\/windtectancaments.com\/es\/wp-json\/wp\/v2\/pages"}],"about":[{"href":"https:\/\/windtectancaments.com\/es\/wp-json\/wp\/v2\/types\/page"}],"author":[{"embeddable":true,"href":"https:\/\/windtectancaments.com\/es\/wp-json\/wp\/v2\/users\/1"}],"replies":[{"embeddable":true,"href":"https:\/\/windtectancaments.com\/es\/wp-json\/wp\/v2\/comments?post=2251"}],"version-history":[{"count":3,"href":"https:\/\/windtectancaments.com\/es\/wp-json\/wp\/v2\/pages\/2251\/revisions"}],"predecessor-version":[{"id":2262,"href":"https:\/\/windtectancaments.com\/es\/wp-json\/wp\/v2\/pages\/2251\/revisions\/2262"}],"wp:attachment":[{"href":"https:\/\/windtectancaments.com\/es\/wp-json\/wp\/v2\/media?parent=2251"}],"curies":[{"name":"wp","href":"https:\/\/api.w.org\/{rel}","templated":true}]}}