{"id":1806,"date":"2024-06-14T12:20:35","date_gmt":"2024-06-14T10:20:35","guid":{"rendered":"https:\/\/windtectancaments.com\/aviso-legal\/"},"modified":"2025-02-11T12:05:35","modified_gmt":"2025-02-11T11:05:35","slug":"aviso-legal","status":"publish","type":"page","link":"https:\/\/windtectancaments.com\/es\/aviso-legal\/","title":{"rendered":"Aviso Legal"},"content":{"rendered":"\t\t<div data-elementor-type=\"wp-page\" data-elementor-id=\"1806\" class=\"elementor elementor-1806 elementor-711\" data-elementor-post-type=\"page\">\n\t\t\t\t<div class=\"elementor-element elementor-element-00b9ec5 e-con-full e-flex e-con e-parent\" data-id=\"00b9ec5\" data-element_type=\"container\" data-e-type=\"container\">\n\t\t<div class=\"elementor-element elementor-element-40aae7f e-con-full e-flex e-con e-child\" data-id=\"40aae7f\" data-element_type=\"container\" data-e-type=\"container\" data-settings=\"{&quot;background_background&quot;:&quot;classic&quot;}\">\n\t\t\t\t<\/div>\n\t\t\t\t<div class=\"elementor-element elementor-element-fe211b8 elementor-widget__width-initial elementor-widget elementor-widget-text-editor\" data-id=\"fe211b8\" data-element_type=\"widget\" data-e-type=\"widget\" data-widget_type=\"text-editor.default\">\n\t\t\t\t<div class=\"elementor-widget-container\">\n\t\t\t\t\t\t\t\t\t<h1>Aviso legal<\/h1>\n<p>De conformidad con la Ley 34\/2002, de Servicios de la Sociedad de la Informaci\u00f3n y de Comercio Electr\u00f3nico, le informamos que esta web es titularidad de Windtec Cerraments, SLU, (en adelante \u201cEL TITULAR\u201d), con CIF B55122576, domicilio a c. Barrios y Buix\u00f2, 27 de Palafrugell (17200); tel\u00e9fono 972 30 30 16.<\/p>\n<h2 class=\"title3 titol text-uppercase\">PROPIEDAD INTELECTUAL E INDUSTRIAL<\/h2>\n<p>Los contenidos de este sitio, incluyendo los textos, im\u00e1genes y dise\u00f1os gr\u00e1ficos, pertenecen a EL TITULAR, oa terceros que han autorizado su uso. EL TITULAR presenta estos contenidos con fines de informaci\u00f3n y promoci\u00f3n. EL TITULAR autoriza su utilizaci\u00f3n exclusivamente con estas finalidades. Cualquier utilizaci\u00f3n de estos dise\u00f1os, im\u00e1genes o textos deber\u00e1 citar expresamente su pertenencia a EL TITULAR, quien se reserva el derecho a iniciar las acciones legales oportunas para reparar los da\u00f1os y perjuicios causados \u200b\u200bpor cualquier acto que vulnere sus derechos de propiedad intelectual intelectual o industrial.<\/p>\n<h2 class=\"title3 titol text-uppercase\">EXCLUSI\u00d3N DE RESPONSABILIDAD<\/h2>\n<p>EL TITULAR act\u00faa con la m\u00e1xima diligencia posible para que los datos y la informaci\u00f3n que ofrece en su sitio web est\u00e9 actualizado en todo momento, si bien no garantiza ni se hace responsable de la exactitud y actualizaci\u00f3n de los contenidos del sitio web, reserv\u00e1ndose el derecho a modificar estos contenidos en cualquier momento. EL TITULAR tampoco ser\u00e1 responsable de la informaci\u00f3n que puede obtenerse a trav\u00e9s de enlaces incluidos en el sitio web.<\/p>\n<p>Las relaciones comerciales con los clientes se regir\u00e1n por las condiciones generales que, en su caso, se establezcan por EL TITULAR en un documento espec\u00edfico al efecto, o por los pactos concretos que puedan acordarse con los clientes.<\/p>\n<h2 class=\"title3 titol text-uppercase\">CONDICIONES DE USO<\/h2>\n<p>El uso de este sitio web implica la aceptaci\u00f3n plena de los t\u00e9rminos del presente aviso legal. Los posibles conflictos relativos a este sitio web se regir\u00e1n exclusivamente por el derecho del Estado Espa\u00f1ol. Toda persona usuaria de la web, independientemente de la jurisdicci\u00f3n territorial desde la que se produzca su acceso, acepta el cumplimiento y respeto de estas cl\u00e1usulas con renuncia expresa a cualquier otro fuero que pudiera corresponderle.<\/p>\n\t\t\t\t\t\t\t\t<\/div>\n\t\t\t\t<\/div>\n\t\t\t\t<\/div>\n\t\t\t\t<\/div>\n\t\t","protected":false},"excerpt":{"rendered":"<p>Aviso legal De conformidad con la Ley 34\/2002, de Servicios de la Sociedad de la Informaci\u00f3n y de Comercio Electr\u00f3nico, le informamos que esta web es titularidad de Windtec Cerraments, SLU, (en adelante \u201cEL TITULAR\u201d), con CIF B55122576, domicilio a c. Barrios y Buix\u00f2, 27 de Palafrugell (17200); tel\u00e9fono 972 30 30 16. PROPIEDAD INTELECTUAL [&hellip;]<\/p>\n","protected":false},"author":1,"featured_media":0,"parent":0,"menu_order":0,"comment_status":"closed","ping_status":"closed","template":"elementor_header_footer","meta":{"_eb_attr":"","footnotes":""},"class_list":["post-1806","page","type-page","status-publish","hentry"],"yoast_head":"<!-- This site is optimized with the Yoast SEO plugin v27.4 - https:\/\/yoast.com\/product\/yoast-seo-wordpress\/ -->\n<title>Aviso Legal - Windtec Tancaments<\/title>\n<meta name=\"robots\" content=\"index, follow, max-snippet:-1, max-image-preview:large, max-video-preview:-1\" \/>\n<link rel=\"canonical\" href=\"https:\/\/windtectancaments.com\/es\/aviso-legal\/\" \/>\n<meta property=\"og:locale\" content=\"es_ES\" \/>\n<meta property=\"og:type\" content=\"article\" \/>\n<meta property=\"og:title\" content=\"Aviso Legal - Windtec Tancaments\" \/>\n<meta property=\"og:description\" content=\"Aviso legal De conformidad con la Ley 34\/2002, de Servicios de la Sociedad de la Informaci\u00f3n y de Comercio Electr\u00f3nico, le informamos que esta web es titularidad de Windtec Cerraments, SLU, (en adelante \u201cEL TITULAR\u201d), con CIF B55122576, domicilio a c. Barrios y Buix\u00f2, 27 de Palafrugell (17200); tel\u00e9fono 972 30 30 16. PROPIEDAD INTELECTUAL [&hellip;]\" \/>\n<meta property=\"og:url\" content=\"https:\/\/windtectancaments.com\/es\/aviso-legal\/\" \/>\n<meta property=\"og:site_name\" content=\"Windtec Tancaments\" \/>\n<meta property=\"article:publisher\" content=\"https:\/\/www.facebook.com\/tancamentswindtec\/\" \/>\n<meta property=\"article:modified_time\" content=\"2025-02-11T11:05:35+00:00\" \/>\n<meta name=\"twitter:card\" content=\"summary_large_image\" \/>\n<meta name=\"twitter:label1\" content=\"Tiempo de lectura\" \/>\n\t<meta name=\"twitter:data1\" content=\"2 minutos\" \/>\n<script type=\"application\/ld+json\" class=\"yoast-schema-graph\">{\"@context\":\"https:\\\/\\\/schema.org\",\"@graph\":[{\"@type\":\"WebPage\",\"@id\":\"https:\\\/\\\/windtectancaments.com\\\/es\\\/aviso-legal\\\/\",\"url\":\"https:\\\/\\\/windtectancaments.com\\\/es\\\/aviso-legal\\\/\",\"name\":\"Aviso Legal - Windtec Tancaments\",\"isPartOf\":{\"@id\":\"https:\\\/\\\/windtectancaments.com\\\/es\\\/#website\"},\"datePublished\":\"2024-06-14T10:20:35+00:00\",\"dateModified\":\"2025-02-11T11:05:35+00:00\",\"breadcrumb\":{\"@id\":\"https:\\\/\\\/windtectancaments.com\\\/es\\\/aviso-legal\\\/#breadcrumb\"},\"inLanguage\":\"es\",\"potentialAction\":[{\"@type\":\"ReadAction\",\"target\":[\"https:\\\/\\\/windtectancaments.com\\\/es\\\/aviso-legal\\\/\"]}]},{\"@type\":\"BreadcrumbList\",\"@id\":\"https:\\\/\\\/windtectancaments.com\\\/es\\\/aviso-legal\\\/#breadcrumb\",\"itemListElement\":[{\"@type\":\"ListItem\",\"position\":1,\"name\":\"Portada\",\"item\":\"https:\\\/\\\/windtectancaments.com\\\/es\\\/\"},{\"@type\":\"ListItem\",\"position\":2,\"name\":\"Aviso Legal\"}]},{\"@type\":\"WebSite\",\"@id\":\"https:\\\/\\\/windtectancaments.com\\\/es\\\/#website\",\"url\":\"https:\\\/\\\/windtectancaments.com\\\/es\\\/\",\"name\":\"Windtec Tancaments\",\"description\":\"\",\"publisher\":{\"@id\":\"https:\\\/\\\/windtectancaments.com\\\/es\\\/#organization\"},\"potentialAction\":[{\"@type\":\"SearchAction\",\"target\":{\"@type\":\"EntryPoint\",\"urlTemplate\":\"https:\\\/\\\/windtectancaments.com\\\/es\\\/?s={search_term_string}\"},\"query-input\":{\"@type\":\"PropertyValueSpecification\",\"valueRequired\":true,\"valueName\":\"search_term_string\"}}],\"inLanguage\":\"es\"},{\"@type\":\"Organization\",\"@id\":\"https:\\\/\\\/windtectancaments.com\\\/es\\\/#organization\",\"name\":\"Windtec Tancaments, SLU.\",\"url\":\"https:\\\/\\\/windtectancaments.com\\\/es\\\/\",\"logo\":{\"@type\":\"ImageObject\",\"inLanguage\":\"es\",\"@id\":\"https:\\\/\\\/windtectancaments.com\\\/es\\\/#\\\/schema\\\/logo\\\/image\\\/\",\"url\":\"https:\\\/\\\/windtectancaments.com\\\/wp-content\\\/uploads\\\/2024\\\/06\\\/logowindtec-slu-1982067.png\",\"contentUrl\":\"https:\\\/\\\/windtectancaments.com\\\/wp-content\\\/uploads\\\/2024\\\/06\\\/logowindtec-slu-1982067.png\",\"width\":640,\"height\":391,\"caption\":\"Windtec Tancaments, SLU.\"},\"image\":{\"@id\":\"https:\\\/\\\/windtectancaments.com\\\/es\\\/#\\\/schema\\\/logo\\\/image\\\/\"},\"sameAs\":[\"https:\\\/\\\/www.facebook.com\\\/tancamentswindtec\\\/\",\"https:\\\/\\\/www.instagram.com\\\/windtectancaments\\\/\"]}]}<\/script>\n<!-- \/ Yoast SEO plugin. -->","yoast_head_json":{"title":"Aviso Legal - Windtec Tancaments","robots":{"index":"index","follow":"follow","max-snippet":"max-snippet:-1","max-image-preview":"max-image-preview:large","max-video-preview":"max-video-preview:-1"},"canonical":"https:\/\/windtectancaments.com\/es\/aviso-legal\/","og_locale":"es_ES","og_type":"article","og_title":"Aviso Legal - Windtec Tancaments","og_description":"Aviso legal De conformidad con la Ley 34\/2002, de Servicios de la Sociedad de la Informaci\u00f3n y de Comercio Electr\u00f3nico, le informamos que esta web es titularidad de Windtec Cerraments, SLU, (en adelante \u201cEL TITULAR\u201d), con CIF B55122576, domicilio a c. Barrios y Buix\u00f2, 27 de Palafrugell (17200); tel\u00e9fono 972 30 30 16. PROPIEDAD INTELECTUAL [&hellip;]","og_url":"https:\/\/windtectancaments.com\/es\/aviso-legal\/","og_site_name":"Windtec Tancaments","article_publisher":"https:\/\/www.facebook.com\/tancamentswindtec\/","article_modified_time":"2025-02-11T11:05:35+00:00","twitter_card":"summary_large_image","twitter_misc":{"Tiempo de lectura":"2 minutos"},"schema":{"@context":"https:\/\/schema.org","@graph":[{"@type":"WebPage","@id":"https:\/\/windtectancaments.com\/es\/aviso-legal\/","url":"https:\/\/windtectancaments.com\/es\/aviso-legal\/","name":"Aviso Legal - Windtec Tancaments","isPartOf":{"@id":"https:\/\/windtectancaments.com\/es\/#website"},"datePublished":"2024-06-14T10:20:35+00:00","dateModified":"2025-02-11T11:05:35+00:00","breadcrumb":{"@id":"https:\/\/windtectancaments.com\/es\/aviso-legal\/#breadcrumb"},"inLanguage":"es","potentialAction":[{"@type":"ReadAction","target":["https:\/\/windtectancaments.com\/es\/aviso-legal\/"]}]},{"@type":"BreadcrumbList","@id":"https:\/\/windtectancaments.com\/es\/aviso-legal\/#breadcrumb","itemListElement":[{"@type":"ListItem","position":1,"name":"Portada","item":"https:\/\/windtectancaments.com\/es\/"},{"@type":"ListItem","position":2,"name":"Aviso Legal"}]},{"@type":"WebSite","@id":"https:\/\/windtectancaments.com\/es\/#website","url":"https:\/\/windtectancaments.com\/es\/","name":"Windtec Tancaments","description":"","publisher":{"@id":"https:\/\/windtectancaments.com\/es\/#organization"},"potentialAction":[{"@type":"SearchAction","target":{"@type":"EntryPoint","urlTemplate":"https:\/\/windtectancaments.com\/es\/?s={search_term_string}"},"query-input":{"@type":"PropertyValueSpecification","valueRequired":true,"valueName":"search_term_string"}}],"inLanguage":"es"},{"@type":"Organization","@id":"https:\/\/windtectancaments.com\/es\/#organization","name":"Windtec Tancaments, SLU.","url":"https:\/\/windtectancaments.com\/es\/","logo":{"@type":"ImageObject","inLanguage":"es","@id":"https:\/\/windtectancaments.com\/es\/#\/schema\/logo\/image\/","url":"https:\/\/windtectancaments.com\/wp-content\/uploads\/2024\/06\/logowindtec-slu-1982067.png","contentUrl":"https:\/\/windtectancaments.com\/wp-content\/uploads\/2024\/06\/logowindtec-slu-1982067.png","width":640,"height":391,"caption":"Windtec Tancaments, SLU."},"image":{"@id":"https:\/\/windtectancaments.com\/es\/#\/schema\/logo\/image\/"},"sameAs":["https:\/\/www.facebook.com\/tancamentswindtec\/","https:\/\/www.instagram.com\/windtectancaments\/"]}]}},"_links":{"self":[{"href":"https:\/\/windtectancaments.com\/es\/wp-json\/wp\/v2\/pages\/1806","targetHints":{"allow":["GET"]}}],"collection":[{"href":"https:\/\/windtectancaments.com\/es\/wp-json\/wp\/v2\/pages"}],"about":[{"href":"https:\/\/windtectancaments.com\/es\/wp-json\/wp\/v2\/types\/page"}],"author":[{"embeddable":true,"href":"https:\/\/windtectancaments.com\/es\/wp-json\/wp\/v2\/users\/1"}],"replies":[{"embeddable":true,"href":"https:\/\/windtectancaments.com\/es\/wp-json\/wp\/v2\/comments?post=1806"}],"version-history":[{"count":3,"href":"https:\/\/windtectancaments.com\/es\/wp-json\/wp\/v2\/pages\/1806\/revisions"}],"predecessor-version":[{"id":2637,"href":"https:\/\/windtectancaments.com\/es\/wp-json\/wp\/v2\/pages\/1806\/revisions\/2637"}],"wp:attachment":[{"href":"https:\/\/windtectancaments.com\/es\/wp-json\/wp\/v2\/media?parent=1806"}],"curies":[{"name":"wp","href":"https:\/\/api.w.org\/{rel}","templated":true}]}}